{"id":8,"date":"2023-05-16T21:35:24","date_gmt":"2023-05-16T21:35:24","guid":{"rendered":"http:\/\/tagebuch30.ch\/?page_id=8"},"modified":"2024-03-20T21:56:14","modified_gmt":"2024-03-20T21:56:14","slug":"ueber-diese-seite","status":"publish","type":"page","link":"https:\/\/tagebuch30.ch\/?page_id=8","title":{"rendered":""},"content":{"rendered":"\n<p>Am 26. Mai 1993 machte Erich \u00abungef\u00e4hr zum 5. Mal den Versuch eine Art Tagebuch zu f\u00fchren\u00bb. Seither hat er damit nicht mehr aufgeh\u00f6rt, seither notiere ich in regelm\u00e4ssig unregelm\u00e4ssigen Abst\u00e4nden Dinge. <\/p>\n\n\n\n<p>Exakt 30 Jahre sp\u00e4ter werden sie hier ver\u00f6ffentlicht.<\/p>\n","protected":false},"excerpt":{"rendered":"<p>Am 26. Mai 1993 machte Erich \u00abungef\u00e4hr zum 5. Mal den Versuch eine Art Tagebuch zu f\u00fchren\u00bb. Seither hat er damit nicht mehr aufgeh\u00f6rt, seither notiere ich in regelm\u00e4ssig unregelm\u00e4ssigen Abst\u00e4nden Dinge. Exakt 30 Jahre sp\u00e4ter werden sie hier ver\u00f6ffentlicht.<\/p>\n","protected":false},"author":1,"featured_media":0,"parent":0,"menu_order":0,"comment_status":"closed","ping_status":"closed","template":"","meta":{"jetpack_post_was_ever_published":false,"footnotes":""},"class_list":["post-8","page","type-page","status-publish","hentry"],"jetpack_sharing_enabled":true,"_links":{"self":[{"href":"https:\/\/tagebuch30.ch\/index.php?rest_route=\/wp\/v2\/pages\/8","targetHints":{"allow":["GET"]}}],"collection":[{"href":"https:\/\/tagebuch30.ch\/index.php?rest_route=\/wp\/v2\/pages"}],"about":[{"href":"https:\/\/tagebuch30.ch\/index.php?rest_route=\/wp\/v2\/types\/page"}],"author":[{"embeddable":true,"href":"https:\/\/tagebuch30.ch\/index.php?rest_route=\/wp\/v2\/users\/1"}],"replies":[{"embeddable":true,"href":"https:\/\/tagebuch30.ch\/index.php?rest_route=%2Fwp%2Fv2%2Fcomments&post=8"}],"version-history":[{"count":11,"href":"https:\/\/tagebuch30.ch\/index.php?rest_route=\/wp\/v2\/pages\/8\/revisions"}],"predecessor-version":[{"id":179,"href":"https:\/\/tagebuch30.ch\/index.php?rest_route=\/wp\/v2\/pages\/8\/revisions\/179"}],"wp:attachment":[{"href":"https:\/\/tagebuch30.ch\/index.php?rest_route=%2Fwp%2Fv2%2Fmedia&parent=8"}],"curies":[{"name":"wp","href":"https:\/\/api.w.org\/{rel}","templated":true}]}}